{"id":14050,"date":"2026-02-25T16:48:59","date_gmt":"2026-02-25T16:48:59","guid":{"rendered":"https:\/\/staging.pandorafestival.it\/prodotto\/gosia-roza-rozalska-from-movies-to-improve\/"},"modified":"2026-02-27T13:04:31","modified_gmt":"2026-02-27T13:04:31","slug":"gosia-roza-rozalska-from-movies-to-improve","status":"publish","type":"product","link":"https:\/\/pandorafestival.it\/en\/prodotto\/gosia-roza-rozalska-from-movies-to-improve\/","title":{"rendered":"Gosia R\u00f3\u017ca R\u00f3\u017calska &#8211; From movies to improve"},"content":{"rendered":"","protected":false},"excerpt":{"rendered":"","protected":false},"featured_media":13779,"comment_status":"closed","ping_status":"closed","template":"","meta":[],"product_brand":[],"product_cat":[36,39],"product_tag":[80],"giftcard-category":[],"class_list":{"0":"post-14050","1":"product","2":"type-product","3":"status-publish","4":"has-post-thumbnail","6":"product_cat-workshop-long","7":"product_cat-workshop-long-2026-level-03","8":"product_tag-lev-3","10":"first","11":"outofstock","12":"virtual","13":"sold-individually","14":"purchasable","15":"product-type-simple"},"_links":{"self":[{"href":"https:\/\/pandorafestival.it\/en\/wp-json\/wp\/v2\/product\/14050","targetHints":{"allow":["GET"]}}],"collection":[{"href":"https:\/\/pandorafestival.it\/en\/wp-json\/wp\/v2\/product"}],"about":[{"href":"https:\/\/pandorafestival.it\/en\/wp-json\/wp\/v2\/types\/product"}],"replies":[{"embeddable":true,"href":"https:\/\/pandorafestival.it\/en\/wp-json\/wp\/v2\/comments?post=14050"}],"wp:featuredmedia":[{"embeddable":true,"href":"https:\/\/pandorafestival.it\/en\/wp-json\/wp\/v2\/media\/13779"}],"wp:attachment":[{"href":"https:\/\/pandorafestival.it\/en\/wp-json\/wp\/v2\/media?parent=14050"}],"wp:term":[{"taxonomy":"product_brand","embeddable":true,"href":"https:\/\/pandorafestival.it\/en\/wp-json\/wp\/v2\/product_brand?post=14050"},{"taxonomy":"product_cat","embeddable":true,"href":"https:\/\/pandorafestival.it\/en\/wp-json\/wp\/v2\/product_cat?post=14050"},{"taxonomy":"product_tag","embeddable":true,"href":"https:\/\/pandorafestival.it\/en\/wp-json\/wp\/v2\/product_tag?post=14050"},{"taxonomy":"giftcard-category","embeddable":true,"href":"https:\/\/pandorafestival.it\/en\/wp-json\/wp\/v2\/giftcard-category?post=14050"}],"curies":[{"name":"wp","href":"https:\/\/api.w.org\/{rel}","templated":true}]}}